{"id":2180,"date":"2021-01-21T10:21:07","date_gmt":"2021-01-21T09:21:07","guid":{"rendered":"https:\/\/armoniacommunity.com\/faq\/"},"modified":"2024-02-13T14:50:22","modified_gmt":"2024-02-13T13:50:22","slug":"faq","status":"publish","type":"page","link":"https:\/\/armoniacommunity.com\/de\/faq\/","title":{"rendered":"FAQ"},"content":{"rendered":"<p>[vc_row][vc_column][vc_tta_accordion active_section=&#8220;1&#8243; css=&#8220;.vc_custom_1611221546253{padding-top: 50px !important;}&#8220;][vc_tta_section title=&#8220;Was ist eine klinische Praxis?&#8220; tab_id=&#8220;1611221070638-a0a0f489-1271&#8243;][vc_column_text]Eine klinische Studie ist eine wissenschaftliche Untersuchung zum Nachweis der positiven Wirkung eines Medikaments\/Medizinprodukts\/Nahrungsmittels auf Ihre Gesundheit. W\u00e4hrend der Studie wird Ihnen ein Pr\u00e4parat (Wirkstoff oder Placebo oder Kontrolle) zugewiesen, das Sie nach den Anweisungen des Arztes einnehmen m\u00fcssen. Sie werden daher von Fachleuten des Gesundheitswesens begleitet und durch instrumentelle und medizinische Analysen st\u00e4ndig \u00fcberwacht. H\u00e4ufig werden Sie um Ihre Mitarbeit beim Ausf\u00fcllen von Frageb\u00f6gen oder einem t\u00e4glichen Tagebuch gebeten.<\/p>\n<p>Die klinische Studie, an der Sie teilnehmen, wird immer von den Aufsichts- und Ethikbeh\u00f6rden genehmigt, wobei Ihre Sicherheit gewahrt bleibt.[\/vc_column_text][\/vc_tta_section][vc_tta_section title=&#8220;Was ist eine Beobachtungsstudie?&#8220; tab_id=&#8220;1611221070646-d24bd4bb-ffc8&#8243;][vc_column_text]Im Gegensatz zu einer klinischen Studie werden Sie in der Beobachtungsstudie im Vergleich zu einer Therapie oder Behandlung, die Sie bereits gem\u00e4\u00df der Verschreibung\/Empfehlung Ihres Arztes einnehmen, \u00fcberwacht.<br \/>\nDie Beobachtungsstudie wird immer von den Aufsichts- und Ethikbeh\u00f6rden genehmigt.<br \/>\n[\/vc_column_text][\/vc_tta_section][vc_tta_section title=&#8220;Welche Art von klinischen Studien werden derzeit durchgef\u00fchrt und welche Vorteile ergeben sich daraus?&#8220; tab_id=&#8220;1611221197067-19ec93e6-6280&#8243;][vc_column_text]Die derzeit laufenden klinischen Studien beziehen sich auf verschiedene Gesundheitsbereiche und testen Produkte wie Nahrungserg\u00e4nzungsmittel, Lebensmittel f\u00fcr besondere medizinische Zwecke und Naturprodukte, die Ihr Wohlbefinden und Ihre Lebensqualit\u00e4t verbessern und zur Prim\u00e4rpr\u00e4vention beitragen, indem sie das Risiko der Entstehung von Krankheiten verringern.<\/p>\n<p>Sie tragen nicht nur zur Forschung bei, sondern werden auch von hochkar\u00e4tigen \u00c4rzten und Spezialisten betreut, f\u00fcr die Ihr Wohlbefinden an erster Stelle steht.<br \/>\n[\/vc_column_text][\/vc_tta_section][vc_tta_section title=&#8220;Was ist ein Placebo und welche Risiken kann ich eingehen?&#8220; tab_id=&#8220;1611221217765-444b58f9-69bf&#8220;][vc_column_text]Ein Placebo ist definiert als ein Produkt, das in Form und Aussehen dem zu untersuchenden Produkt entspricht, aber keinen Wirkstoff enth\u00e4lt.<\/p>\n<p>W\u00e4hrend der Studie kann Ihnen ein Placebo verabreicht werden, durch dessen Einnahme Sie auf jeden Fall kein Risiko f\u00fcr Ihre Gesundheit eingehen werden.<br \/>\n[\/vc_column_text][\/vc_tta_section][vc_tta_section title=&#8220;Wie kann ich an einer klinischen Studie oder einer Beobachtungsstudie teilnehmen?&#8220; tab_id=&#8220;1611221240681-4980073b-b867&#8243;][vc_column_text]Die Teilnahme ist einfach! Wenn Ihr Profil mit den in unseren aktiven Studien beschriebenen Skizzen \u00fcbereinstimmt, f\u00fcllen Sie einfach das Anmeldeformular aus. Sie erhalten alle Informationen, die Sie ben\u00f6tigen, um sich direkt bei einem der an der Forschung beteiligten klinischen Zentren anzumelden, das mit Ihnen einen Untersuchungstermin vereinbart. W\u00e4hrend des Besuchs werden Ihnen alle notwendigen Erkl\u00e4rungen gegeben, um die Studie zu verstehen, und Ihr Interesse und Ihre Bereitschaft zur Teilnahme werden gepr\u00fcft.[\/vc_column_text][\/vc_tta_section][\/vc_tta_accordion][\/vc_column][\/vc_row]<\/p>\n","protected":false},"excerpt":{"rendered":"<p>[vc_row][vc_column][vc_tta_accordion active_section=&#8220;1&#8243; css=&#8220;.vc_custom_1611221546253{padding-top: 50px !important;}&#8220;][vc_tta_section title=&#8220;Was ist eine klinische Praxis?&#8220; tab_id=&#8220;1611221070638-a0a0f489-1271&#8243;][vc_column_text]Eine klinische Studie ist eine wissenschaftliche Untersuchung zum Nachweis der positiven Wirkung eines Medikaments\/Medizinprodukts\/Nahrungsmittels auf Ihre Gesundheit. W\u00e4hrend der Studie wird Ihnen ein Pr\u00e4parat (Wirkstoff oder Placebo oder Kontrolle) zugewiesen, das Sie nach den Anweisungen des Arztes einnehmen m\u00fcssen. Sie werden daher von Fachleuten des [&hellip;]<\/p>\n","protected":false},"author":1,"featured_media":0,"parent":0,"menu_order":0,"comment_status":"closed","ping_status":"closed","template":"","meta":{"footnotes":""},"_links":{"self":[{"href":"https:\/\/armoniacommunity.com\/de\/wp-json\/wp\/v2\/pages\/2180"}],"collection":[{"href":"https:\/\/armoniacommunity.com\/de\/wp-json\/wp\/v2\/pages"}],"about":[{"href":"https:\/\/armoniacommunity.com\/de\/wp-json\/wp\/v2\/types\/page"}],"author":[{"embeddable":true,"href":"https:\/\/armoniacommunity.com\/de\/wp-json\/wp\/v2\/users\/1"}],"replies":[{"embeddable":true,"href":"https:\/\/armoniacommunity.com\/de\/wp-json\/wp\/v2\/comments?post=2180"}],"version-history":[{"count":3,"href":"https:\/\/armoniacommunity.com\/de\/wp-json\/wp\/v2\/pages\/2180\/revisions"}],"predecessor-version":[{"id":2188,"href":"https:\/\/armoniacommunity.com\/de\/wp-json\/wp\/v2\/pages\/2180\/revisions\/2188"}],"wp:attachment":[{"href":"https:\/\/armoniacommunity.com\/de\/wp-json\/wp\/v2\/media?parent=2180"}],"curies":[{"name":"wp","href":"https:\/\/api.w.org\/{rel}","templated":true}]}}