{"id":2189,"date":"2021-04-22T11:14:17","date_gmt":"2021-04-22T09:14:17","guid":{"rendered":"https:\/\/armoniacommunity.com\/erklaerung-zum-datenschutz\/"},"modified":"2024-02-13T14:52:07","modified_gmt":"2024-02-13T13:52:07","slug":"erklaerung-zum-datenschutz","status":"publish","type":"page","link":"https:\/\/armoniacommunity.com\/de\/erklaerung-zum-datenschutz\/","title":{"rendered":"Erkl\u00e4rung zum Datenschutz"},"content":{"rendered":"<p>[vc_row][vc_column][vc_custom_heading text=&#8220;Harmony Anmeldeformular Informationen&#8220; use_theme_fonts=&#8220;yes&#8220; el_class=&#8220;violet uppercase&#8220;][\/vc_column][\/vc_row][vc_row][vc_column][vc_column_text]<!--Gentile interessato, desideriamo informarLa che il \u201c<em>Regolamento Europeo 2016\/679 relativo alla protezione delle persone fisiche con riguardo al Trattamento dei Dati Personali, nonch\u00e9 alla libera circolazione di tali dati<\/em>\u201d (da ora in poi \u201cGDPR\u201d) prevede la tutela delle persone e di altri soggetti rispetto al trattamento dei dati personali. <strong>Evidilya S.R.L.<\/strong>, in qualit\u00e0 di \u201c<strong>Titolare<\/strong>\u201d del trattamento, ai sensi dell\u2019articolo 13 del GDPR, pertanto, Le fornisce le seguenti informazioni:-->[\/vc_column_text][\/vc_column][\/vc_row][vc_row][vc_column][vc_column_text]In \u00dcbereinstimmung mit dem Europ\u00e4ischen Datenschutzgesetz (Art.13, Europ\u00e4ische Verordnung 2016\/679) erkennt der Nutzer an, dass EVIDILYA S.R.L. sich verpflichtet, die personenbezogenen Daten des Nutzers nach den Grunds\u00e4tzen der Korrektheit, Rechtm\u00e4\u00dfigkeit und Transparenz sowie des Schutzes der Vertraulichkeit zu verarbeiten. Daher wird der Nutzer dar\u00fcber informiert, dass:<\/p>\n<p><strong>A. KATEGORIEN VON DATEN:<\/strong> Gegenstand der Verarbeitung k\u00f6nnen Ihre personenbezogenen Daten sein, wie Identifikationsdaten, pers\u00f6nliche Daten, Kontaktdaten und Bereiche, die f\u00fcr Sie von Interesse sind.<\/p>\n<p><strong>B.<\/strong> INHABER DER DATEN<strong>:<\/strong> Der Inhaber der Datenverarbeitung ist <strong>EVIDILYA S.R.L., Via Brisa,3 &#8211; 20123 Milano (MI), MwSt.-Nr. 06957380964,<\/strong> erreichbar unter der Telefonnummer <strong>02.49530065<\/strong> oder per E-Mail unter <a href=\"mailto:privacy@evidilya.com\"><br \/>\n  <strong>privacy@evidilya.com<\/strong><br \/>\n<\/a>.<\/p>\n<p><strong>C. QUELLE DER PERSONENBEZOGENEN DATEN:<\/strong> Die im Besitz des f\u00fcr die Verarbeitung Verantwortlichen befindlichen personenbezogenen Daten werden direkt bei der betroffenen Person erhoben.<\/p>\n<p><strong>D.<\/strong> ZWECK DER <strong>DATENVERARBEITUNG UND RECHTSGRUNDLAGE:<\/strong> Die personenbezogenen Daten werden von dem f\u00fcr die Verarbeitung Verantwortlichen zu folgenden Zwecken verarbeitet:<\/p>\n<ol>\n<li>Durchf\u00fchrung von vorvertraglichen Ma\u00dfnahmen (Art. 6(B) GDPR): R\u00fcckmeldung auf Ihre Kontaktanfrage zur Teilnahme an Forschungsstudien durch den f\u00fcr die Verarbeitung Verantwortlichen.<br \/>\nRechtsgrundlage ist au\u00dferdem Ihre Einwilligung f\u00fcr die folgenden Zwecke:<\/li>\n<li>Anmeldung zum Newsletter f\u00fcr die Zusendung von informativen und kommerziellen Mitteilungen und\/oder f\u00fcr Direktmarketing-Aktivit\u00e4ten, auch mittels SMS oder anderer digitaler Instrumente oder f\u00fcr Untersuchungen zur Kundenzufriedenheit (Umfragen), durch den Inhaber der Datenverarbeitung, Sprim ITALIA S.r.l. und Proxima Salute S.r.l.<\/li>\n<li>Versenden von kommerziellen und\/oder Marketing-Mitteilungen, auch \u00fcber Newsletter, SMS, WhatsApp oder andere digitale Tools, von Dritten in den folgenden Bereichen: Lebensmittel, Pharmazeutika, Medizin, Bildung, Verlagswesen.<\/li>\n<\/ol>\n<p><strong>E. EMPF\u00c4NGER DER DATEN:<\/strong> Soweit es f\u00fcr die angegebenen Verarbeitungszwecke relevant ist, k\u00f6nnen Ihre Daten an Partner, Beratungsunternehmen und Privatunternehmen weitergegeben werden, die vom Inhaber der Datenverarbeitung als Datenverarbeiter benannt wurden. Ihre Daten werden in keiner Weise weitergegeben.<\/p>\n<p><strong>F. \u00dcBERTRAGUNG VON DATEN<\/strong> IN <strong>DRITTL\u00c4NDER:<\/strong> Es ist nicht geplant, Ihre Daten in ein Drittland zu \u00fcbertragen.<\/p>\n<p><strong>G. AUFBEWAHRUNGSDAUER:<\/strong> Die gesammelten Daten werden f\u00fcr einen Zeitraum aufbewahrt, der die Erreichung der Zwecke, f\u00fcr die sie verarbeitet werden, nicht \u00fcbersteigt (&#8222;Grundsatz der Beschr\u00e4nkung der Aufbewahrung&#8220;, Art. 5, GDPR) oder in \u00dcbereinstimmung mit den vom Gesetz festgelegten Fristen. In regelm\u00e4\u00dfigen Abst\u00e4nden wird \u00fcberpr\u00fcft, ob die gespeicherten Daten in Bezug auf den Zweck, f\u00fcr den sie erhoben wurden, veraltet sind.<\/p>\n<p><strong>H. RECHTE DER<\/strong> BETROFFENEN<strong>:<\/strong> Die betroffene Person hat jederzeit das Recht, von dem f\u00fcr die Verarbeitung Verantwortlichen Zugang zu ihren Daten, deren Berichtigung oder L\u00f6schung, die Einschr\u00e4nkung der Verarbeitung oder die M\u00f6glichkeit der Daten\u00fcbertragbarkeit zu verlangen, wobei sie diese und die anderen in der DSGVO vorgesehenen Rechte durch einfache Mitteilung an den f\u00fcr die Verarbeitung Verantwortlichen geltend machen kann. Die betroffene Person kann auch eine Beschwerde bei einer Aufsichtsbeh\u00f6rde einreichen<\/p>\n<p><strong>I. VERPFLICHTETE ODER NICHT VERPFLICHTETE<\/strong> BEREITSTELLUNG VON DATEN: Wir informieren Sie dar\u00fcber, dass die Bereitstellung von Daten verpflichtend ist, um Ihre Anfragen zu beantworten (Punkt D1), w\u00e4hrend die Bereitstellung von Daten f\u00fcr die Zwecke, die auf der Zustimmung in den Punkten D2 und D3 beruhen, freiwillig ist.<\/p>\n<p><strong>J. METHODEN DER DATENVERARBEITUNG:<\/strong> Die von Ihnen zur Verf\u00fcgung gestellten personenbezogenen Daten werden unter Beachtung der oben genannten Rechtsvorschriften und der f\u00fcr die T\u00e4tigkeit des f\u00fcr die Verarbeitung Verantwortlichen geltenden Geheimhaltungspflichten verarbeitet. Die Daten werden sowohl mit Hilfe von Computern als auch in Papierform und auf jedem anderen geeigneten Medium unter Einhaltung der angemessenen Sicherheitsma\u00dfnahmen gem\u00e4\u00df der DSGVO verarbeitet.<\/p>\n<p><strong>K. KONTAKTDATEN DES D.P.O.:<\/strong> Der Inhaber hat einen D.P.O. ernannt, der per E-Mail zu erreichen ist unter <strong><br \/>\n  <a href=\"mailto:dpo@evidilya.com\">dpo@evidilya.com<\/a><br \/>\n<\/strong>.<\/p>\n<p><strong>L.<\/strong> AUTOMATISIERTE ENTSCHEIDUNGSPROZESSE<strong>:<\/strong> Es gibt keine automatisierten Entscheidungsprozesse.[\/vc_column_text][\/vc_column][\/vc_row]<\/p>\n","protected":false},"excerpt":{"rendered":"<p>[vc_row][vc_column][vc_custom_heading text=&#8220;Harmony Anmeldeformular Informationen&#8220; use_theme_fonts=&#8220;yes&#8220; el_class=&#8220;violet uppercase&#8220;][\/vc_column][\/vc_row][vc_row][vc_column][vc_column_text][\/vc_column_text][\/vc_column][\/vc_row][vc_row][vc_column][vc_column_text]In \u00dcbereinstimmung mit dem Europ\u00e4ischen Datenschutzgesetz (Art.13, Europ\u00e4ische Verordnung 2016\/679) erkennt der Nutzer an, dass EVIDILYA S.R.L. sich verpflichtet, die personenbezogenen Daten des Nutzers nach den Grunds\u00e4tzen der Korrektheit, Rechtm\u00e4\u00dfigkeit und Transparenz sowie des Schutzes der Vertraulichkeit zu verarbeiten. Daher wird der Nutzer dar\u00fcber informiert, dass: A. KATEGORIEN VON [&hellip;]<\/p>\n","protected":false},"author":1,"featured_media":0,"parent":0,"menu_order":0,"comment_status":"closed","ping_status":"closed","template":"","meta":{"footnotes":""},"_links":{"self":[{"href":"https:\/\/armoniacommunity.com\/de\/wp-json\/wp\/v2\/pages\/2189"}],"collection":[{"href":"https:\/\/armoniacommunity.com\/de\/wp-json\/wp\/v2\/pages"}],"about":[{"href":"https:\/\/armoniacommunity.com\/de\/wp-json\/wp\/v2\/types\/page"}],"author":[{"embeddable":true,"href":"https:\/\/armoniacommunity.com\/de\/wp-json\/wp\/v2\/users\/1"}],"replies":[{"embeddable":true,"href":"https:\/\/armoniacommunity.com\/de\/wp-json\/wp\/v2\/comments?post=2189"}],"version-history":[{"count":4,"href":"https:\/\/armoniacommunity.com\/de\/wp-json\/wp\/v2\/pages\/2189\/revisions"}],"predecessor-version":[{"id":2193,"href":"https:\/\/armoniacommunity.com\/de\/wp-json\/wp\/v2\/pages\/2189\/revisions\/2193"}],"wp:attachment":[{"href":"https:\/\/armoniacommunity.com\/de\/wp-json\/wp\/v2\/media?parent=2189"}],"curies":[{"name":"wp","href":"https:\/\/api.w.org\/{rel}","templated":true}]}}