{"id":2238,"date":"2021-05-27T14:19:56","date_gmt":"2021-05-27T12:19:56","guid":{"rendered":"https:\/\/armoniacommunity.com\/cookie-richtlinie\/"},"modified":"2026-04-24T18:08:35","modified_gmt":"2026-04-24T16:08:35","slug":"cookie-richtlinie","status":"publish","type":"page","link":"https:\/\/armoniacommunity.com\/de\/cookie-richtlinie\/","title":{"rendered":"Cookie-Richtlinie"},"content":{"rendered":"<p>[vc_row el_class=&#8220;informativa-txt&#8220;][vc_column][vc_empty_space][vc_column_text]<strong>WAS SIND COOKIES?<\/strong>  Cookies sind kleine Textdateien, die von der Website an das Endger\u00e4t der betreffenden Person (in der Regel der Browser) gesendet werden, wo sie gespeichert und bei einem erneuten Besuch desselben Nutzers wieder an die Website \u00fcbermittelt werden. Ein Cookie kann keine anderen Daten von der Festplatte des Nutzers abrufen, keine Computerviren \u00fcbertragen oder E-Mail-Adressen erwerben. Jedes Cookie ist einzigartig f\u00fcr den Webbrowser des Nutzers. Einige der Funktionen von Cookies k\u00f6nnen an andere Technologien delegiert werden. In diesem Dokument bezieht sich der Begriff &#8222;Cookies&#8220; sowohl auf die so genannten Cookies als auch auf alle \u00e4hnlichen Technologien.<br \/>\nCookies k\u00f6nnen verwendet werden, um Informationen \u00fcber Ihre Pr\u00e4ferenzen aufzuzeichnen, z. B. \u00fcber die Seiten, die Sie besuchen, oder die Dateien, die Sie von unserer Website herunterladen. Website oder andere \u00e4hnliche Aktionen, die w\u00e4hrend des Besuchs unserer Website durchgef\u00fchrt werden.<\/p>\n<p>Bei den Cookies kann es sich um Cookies von <strong>Erst- oder Dritt<\/strong> anbietern handeln, wobei &#8222;Erstanbieter&#8220; Cookies bedeutet, die vom Eigent\u00fcmer der Website selbst entwickelt wurden, und &#8222;Drittanbieter&#8220; Cookies, die von anderen Dritten als dem Eigent\u00fcmer der Website entwickelt wurden.<\/p>\n<p><strong>ART DER<\/strong> COOKIES Was die Art der Cookies betrifft, so gibt es verschiedene Arten:<br \/>\nTechnische Cookies sind technische Cookies, die ausschlie\u00dflich dazu verwendet werden, &#8222;die \u00dcbertragung einer Nachricht \u00fcber ein elektronisches Kommunikationsnetz durchzuf\u00fchren, oder soweit dies f\u00fcr den Anbieter eines Dienstes der Informationsgesellschaft, der vom Vertragspartner oder Nutzer ausdr\u00fccklich zur Erbringung dieses Dienstes aufgefordert wird, unbedingt erforderlich ist&#8220; (vgl. Art. 122, Abs. 1 des Kodex). Sie werden f\u00fcr keine weiteren Zwecke verwendet und normalerweise direkt vom Eigent\u00fcmer oder Betreiber der Website installiert. Sie k\u00f6nnen unterteilt werden in:<\/p>\n<p>&#8211; Navigations- oder Sitzungscookies, die eine normale Navigation und Nutzung der Website erm\u00f6glichen (z. B. um einen Kauf zu t\u00e4tigen oder sich f\u00fcr den Zugang zu gesch\u00fctzten Bereichen zu authentifizieren); sie sind f\u00fcr das reibungslose Funktionieren der Website erforderlich;<br \/>\n&#8211; analytische Cookies, die technischen Cookies gleichgestellt sind, wenn sie direkt vom Betreiber der Website verwendet werden, um in aggregierter Form Informationen \u00fcber die Anzahl der Nutzer und deren Besuch der Website zu sammeln, um die Leistung der Website zu verbessern;<br \/>\n&#8211; Funktionalit\u00e4ts-Cookies, die es dem Nutzer erm\u00f6glichen, nach einer Reihe ausgew\u00e4hlter Kriterien (z. B. Sprache, zum Kauf ausgew\u00e4hlte Produkte) zu navigieren, um den dem Nutzer gebotenen Service zu verbessern. Die vorherige Zustimmung der Nutzer ist f\u00fcr die Installation solcher Cookies nicht erforderlich (weitere Informationen im Abschnitt Cookie-Verwaltung unten).<\/p>\n<p>Profilierungs-Cookies Profilierungs-Cookies werden verwendet, um bestimmte Handlungen oder wiederkehrende Verhaltensmuster bei der Nutzung der angebotenen Funktionalit\u00e4ten (Muster) mit bestimmten identifizierten oder identifizierbaren Personen zu verkn\u00fcpfen, um die verschiedenen Profile in homogenen Clustern unterschiedlicher Gr\u00f6\u00dfe zusammenzufassen, so dass der Eigent\u00fcmer die Bereitstellung des Dienstes \u00fcber das f\u00fcr die Erbringung des Dienstes unbedingt erforderliche Ma\u00df hinaus zunehmend personalisieren und gezielte Werbebotschaften senden kann, d. h. entsprechend den vom Nutzer beim Surfen im Internet ge\u00e4u\u00dferten Pr\u00e4ferenzen.<br \/>\nBei Cookies von Drittanbietern hat die Website keine direkte Kontrolle \u00fcber die einzelnen Cookies und kann sie nicht kontrollieren (sie kann sie weder direkt installieren noch l\u00f6schen). Sie k\u00f6nnen diese Cookies jedoch \u00fcber die Einstellungen Ihres Browsers oder \u00fcber die im Abschnitt &#8222;Annahme von und Verzicht auf Cookies&#8220; genannten Websites verwalten.<br \/>\nDer Nutzer wird daher aufgefordert, die Website des unten angegebenen Dritten zu besuchen.<\/p>\n<p><strong>AUF DIESER WEBSITE INSTALLIERTE COOKIES<\/strong><br \/>\n<!-- CookiePro Cookies List start --><\/p>\n<div id=\"ot-sdk-cookie-policy\"><\/div>\n<p><!-- CookiePro Cookies List end --><\/p>\n<p>DAUER DER <strong>COOKIES<\/strong> Cookies haben eine Lebensdauer, die durch das Ablaufdatum (oder eine bestimmte Aktion wie das Schlie\u00dfen des Browsers) bestimmt wird, das zum Zeitpunkt der Installation festgelegt wurde. Cookies k\u00f6nnen sein:<\/p>\n<ul>\n<li>tempor\u00e4re oder Sitzungs-Cookies: Diese werden verwendet, um tempor\u00e4re Informationen zu speichern, erm\u00f6glichen Links zu Aktionen, die w\u00e4hrend einer bestimmten Sitzung durchgef\u00fchrt werden, und werden vom Computer entfernt, wenn der Browser geschlossen wird;<\/li>\n<li>dauerhafte (persistente) Cookies: Diese werden verwendet, um Informationen zu speichern, z. B. den Anmeldenamen und das Passwort, damit der Benutzer sie nicht jedes Mal neu eingeben muss, wenn er eine bestimmte Website besucht. Diese bleiben auch nach dem Schlie\u00dfen des Browsers auf dem Computer gespeichert.<\/li>\n<\/ul>\n<p>Sitzungscookies werden nach Beendigung der Verbindung zu dieser Website nicht gespeichert. Die f\u00fcr diese Website verwendeten Computersysteme verwenden tempor\u00e4re und permanente Cookies.<\/p>\n<p><strong>AKZEPTANZ UND VERZICHT AUF COOKIES<\/strong><br \/>\nF\u00fcr die Installation von technischen und analytischen Cookies ist die Zustimmung der Nutzer nicht erforderlich.<br \/>\nProfiling-Cookies oder andere Tracking-Tools d\u00fcrfen dagegen nur verwendet werden, wenn der Nutzer nach einer entsprechenden Information seine Zustimmung gegeben hat. Auf dieser Website wird ein Banner verwendet, mit dem diejenigen, die dies w\u00fcnschen, ihre Zustimmung geben k\u00f6nnen.<br \/>\nNutzer, die dies nicht w\u00fcnschen, k\u00f6nnen das Banner schlie\u00dfen, indem sie auf die Schaltfl\u00e4che mit dem X in der rechten oberen Ecke des Banners klicken, wobei die Standardeinstellungen beibehalten werden, die die Verwendung von Cookies oder anderen Verfolgungsinstrumenten, die nicht technischer Natur sind, nicht zulassen.<br \/>\nWenn Sie m\u00f6chten, k\u00f6nnen Sie Cookies auch direkt \u00fcber Ihre Browsereinstellungen verwalten. Das L\u00f6schen von Cookies in Ihrem Browser kann jedoch dazu f\u00fchren, dass die Einstellungen, die Sie f\u00fcr diese Website vorgenommen haben, gel\u00f6scht werden.[\/vc_column_text][\/vc_column][\/vc_row]<\/p>\n","protected":false},"excerpt":{"rendered":"<p>[vc_row el_class=&#8220;informativa-txt&#8220;][vc_column][vc_empty_space][vc_column_text]WAS SIND COOKIES? Cookies sind kleine Textdateien, die von der Website an das Endger\u00e4t der betreffenden Person (in der Regel der Browser) gesendet werden, wo sie gespeichert und bei einem erneuten Besuch desselben Nutzers wieder an die Website \u00fcbermittelt werden. Ein Cookie kann keine anderen Daten von der Festplatte des Nutzers abrufen, keine Computerviren [&hellip;]<\/p>\n","protected":false},"author":1,"featured_media":0,"parent":0,"menu_order":0,"comment_status":"closed","ping_status":"open","template":"","meta":{"footnotes":""},"_links":{"self":[{"href":"https:\/\/armoniacommunity.com\/de\/wp-json\/wp\/v2\/pages\/2238"}],"collection":[{"href":"https:\/\/armoniacommunity.com\/de\/wp-json\/wp\/v2\/pages"}],"about":[{"href":"https:\/\/armoniacommunity.com\/de\/wp-json\/wp\/v2\/types\/page"}],"author":[{"embeddable":true,"href":"https:\/\/armoniacommunity.com\/de\/wp-json\/wp\/v2\/users\/1"}],"replies":[{"embeddable":true,"href":"https:\/\/armoniacommunity.com\/de\/wp-json\/wp\/v2\/comments?post=2238"}],"version-history":[{"count":2,"href":"https:\/\/armoniacommunity.com\/de\/wp-json\/wp\/v2\/pages\/2238\/revisions"}],"predecessor-version":[{"id":2240,"href":"https:\/\/armoniacommunity.com\/de\/wp-json\/wp\/v2\/pages\/2238\/revisions\/2240"}],"wp:attachment":[{"href":"https:\/\/armoniacommunity.com\/de\/wp-json\/wp\/v2\/media?parent=2238"}],"curies":[{"name":"wp","href":"https:\/\/api.w.org\/{rel}","templated":true}]}}