{"id":2425,"date":"2026-04-21T09:35:29","date_gmt":"2026-04-21T07:35:29","guid":{"rendered":"https:\/\/armoniacommunity.com\/wer-wir-sind\/"},"modified":"2026-04-21T19:11:52","modified_gmt":"2026-04-21T17:11:52","slug":"wer-wir-sind","status":"publish","type":"page","link":"https:\/\/armoniacommunity.com\/de\/wer-wir-sind\/","title":{"rendered":"WER WIR SIND"},"content":{"rendered":"<p>[vc_row][vc_column][vc_custom_heading text=&#8220;Evidilya: Forschung, Innovation und Menschen im Zentrum&#8220; font_container=&#8220;tag:h3|text_align:center&#8220; use_theme_fonts=&#8220;yes&#8220; el_class=&#8220;violet uppercase&#8220;][vc_empty_space height=&#8220;20px&#8220;][vc_column_text]Evidilya ist eine Vertragsforschungsorganisation, die sich auf die Planung und Verwaltung klinischer und beobachtender Studien spezialisiert hat, mit einem Ansatz, der wissenschaftliche Expertise, digitale Technologie und die Aufmerksamkeit f\u00fcr die Erfahrungen der an der Forschung beteiligten Personen integriert.<\/p>\n<p>Das Unternehmen unterst\u00fctzt Sponsoren, klinische Zentren und Gesundheitseinrichtungen bei der Entwicklung wissenschaftlicher Evidenz, koordiniert traditionelle, virtuelle und hybride Studien und erleichtert die Datenerhebung und Zusammenarbeit zwischen allen Forschungsakteuren.<\/p>\n<p>Die Beobachtung der Bed\u00fcrfnisse der Menschen und das Verst\u00e4ndnis des Gesundheitskontexts, in dem sie leben, sind ein zentraler Bestandteil der Evidilya-Methode: Dieser Ansatz erm\u00f6glicht es, Studien und Dienstleistungen zu entwerfen, die die Qualit\u00e4t der gesammelten Informationen verbessern und zur Entwicklung immer effektiverer Gesundheitsl\u00f6sungen beitragen.[\/vc_column_text][vc_empty_space height=&#8220;20px&#8220;][vc_separator][\/vc_column][\/vc_row][vc_section][vc_row][vc_column][vc_custom_heading text=&#8220;Kontakte&#8220; font_container=&#8220;tag:h6|text_align:left&#8220; use_theme_fonts=&#8220;yes&#8220; el_class=&#8220;violet uppercase&#8220;][vc_column_text]<\/p>\n<div class=\"vc_custom_heading_wrap \">\n<div class=\"heading-text el-text\">\n<p><strong>Webseite<\/strong>: <a href=\"https:\/\/www.evidilya.com\/\">https:\/\/www.evidilya.com\/<\/a><br \/>\n <strong>Telefon:<\/strong> <a href=\"tel:+390249530065\">+39 02 49530065<\/a><br \/>\n<strong>E-Mail<\/strong>: <a href=\"mailto:contact@evidilya.com\">contact@evidilya.com<\/a><\/p>\n<\/div>\n<\/div>\n<div class=\"icon-box icon-box-right\">\n<div class=\"icon-box-icon fa-container\"><\/div>\n<\/div>\n<p>[\/vc_column_text][vc_icon type=&#8220;typicons&#8220; icon_typicons=&#8220;typcn typcn-social-linkedin&#8220; color=&#8220;white&#8220; background_style=&#8220;rounded-less&#8220; background_color=&#8220;blue&#8220; size=&#8220;sm&#8220; link=&#8220;url:https%3A%2F%2Fwww.linkedin.com%2Fcompany%2Fevidilya%2F|target:%20_blank|&#8220;][\/vc_column][\/vc_row][\/vc_section]<\/p>\n","protected":false},"excerpt":{"rendered":"<p>[vc_row][vc_column][vc_custom_heading text=&#8220;Evidilya: Forschung, Innovation und Menschen im Zentrum&#8220; font_container=&#8220;tag:h3|text_align:center&#8220; use_theme_fonts=&#8220;yes&#8220; el_class=&#8220;violet uppercase&#8220;][vc_empty_space height=&#8220;20px&#8220;][vc_column_text]Evidilya ist eine Vertragsforschungsorganisation, die sich auf die Planung und Verwaltung klinischer und beobachtender Studien spezialisiert hat, mit einem Ansatz, der wissenschaftliche Expertise, digitale Technologie und die Aufmerksamkeit f\u00fcr die Erfahrungen der an der Forschung beteiligten Personen integriert. Das Unternehmen unterst\u00fctzt Sponsoren, klinische [&hellip;]<\/p>\n","protected":false},"author":2,"featured_media":0,"parent":0,"menu_order":0,"comment_status":"closed","ping_status":"closed","template":"","meta":{"footnotes":""},"_links":{"self":[{"href":"https:\/\/armoniacommunity.com\/de\/wp-json\/wp\/v2\/pages\/2425"}],"collection":[{"href":"https:\/\/armoniacommunity.com\/de\/wp-json\/wp\/v2\/pages"}],"about":[{"href":"https:\/\/armoniacommunity.com\/de\/wp-json\/wp\/v2\/types\/page"}],"author":[{"embeddable":true,"href":"https:\/\/armoniacommunity.com\/de\/wp-json\/wp\/v2\/users\/2"}],"replies":[{"embeddable":true,"href":"https:\/\/armoniacommunity.com\/de\/wp-json\/wp\/v2\/comments?post=2425"}],"version-history":[{"count":2,"href":"https:\/\/armoniacommunity.com\/de\/wp-json\/wp\/v2\/pages\/2425\/revisions"}],"predecessor-version":[{"id":2427,"href":"https:\/\/armoniacommunity.com\/de\/wp-json\/wp\/v2\/pages\/2425\/revisions\/2427"}],"wp:attachment":[{"href":"https:\/\/armoniacommunity.com\/de\/wp-json\/wp\/v2\/media?parent=2425"}],"curies":[{"name":"wp","href":"https:\/\/api.w.org\/{rel}","templated":true}]}}