{"id":2022,"date":"2021-01-21T10:21:07","date_gmt":"2021-01-21T09:21:07","guid":{"rendered":"https:\/\/armoniacommunity.com\/faq\/"},"modified":"2024-01-22T16:25:08","modified_gmt":"2024-01-22T15:25:08","slug":"faq","status":"publish","type":"page","link":"https:\/\/armoniacommunity.com\/es\/faq\/","title":{"rendered":"FAQ"},"content":{"rendered":"<p>[vc_row][vc_column][vc_tta_accordion active_section=\u00bb1&#8243; css=\u00bb.vc_custom_1611221546253{padding-top: 50px !important;}\u00bb][vc_tta_section title=\u00bb\u00bfQu\u00e9 es un estudio cl\u00ednico?\u00bb tab_id=\u00bb1611221070638-a0a0f489-1271&#8243;][vc_column_text]Un estudio cl\u00ednico es una investigaci\u00f3n cient\u00edfica para demostrar el efecto beneficioso de un f\u00e1rmaco\/dispositivo m\u00e9dico\/alimento sobre su salud. Durante el estudio, se te asignar\u00e1 un producto (producto activo, placebo o control) que deber\u00e1s tomar seg\u00fan las instrucciones de tu m\u00e9dico. Luego, ser\u00e1s seguido por profesionales de la salud y ser\u00e1s constantemente monitoreado con pruebas instrumentales y m\u00e9dicas, y a menudo se te pedir\u00e1 tu colaboraci\u00f3n para completar cuestionarios o un diario cada d\u00eda.<\/p>\n<p>El estudio cl\u00ednico en el que participes siempre estar\u00e1 autorizado por autoridades regulatorias y \u00e9ticas, respetando tu seguridad.[\/vc_column_text][\/vc_tta_section][vc_tta_section title=\u00bb\u00bfQu\u00e9 es un estudio observacional?\u00bb tab_id=\u00bb1611221070646-d24bd4bb-ffc8&#8243;][vc_column_text]A diferencia de un ensayo cl\u00ednico, en el estudio observacional ser\u00e1s monitoreado en relaci\u00f3n con una terapia o tratamiento que ya est\u00e1s tomando seg\u00fan la prescripci\u00f3n\/recomendaci\u00f3n de tu m\u00e9dico. secondo la prescrizione\/raccomandazione del tuo medico.<br \/>\nEl estudio observacional siempre est\u00e1 aprobado por autoridades regulatorias y \u00e9ticas en cuanto a tu seguridad.<br \/>\n[\/vc_column_text][\/vc_tta_section][vc_tta_section title=\u00bb\u00bfQu\u00e9 tipos de ensayos cl\u00ednicos se est\u00e1n llevando a cabo actualmente y qu\u00e9 beneficios tienen?\u00bb tab_id=\u00bb1611221197067-19ec93e6-6280&#8243;][vc_column_text]Los ensayos cl\u00ednicos que se est\u00e1n llevando a cabo actualmente est\u00e1n relacionados con diferentes \u00e1reas de la salud y prueban productos como suplementos diet\u00e9ticos, alimentos con fines m\u00e9dicos especiales y productos naturales que funcionan mejorando tu bienestar, aumentando tu calidad de vida y ayudando en la prevenci\u00f3n primaria al reducir el riesgo de desarrollar enfermedades..<\/p>\n<p>Adem\u00e1s de contribuir a la investigaci\u00f3n, ser\u00e1s supervisado por m\u00e9dicos y especialistas de primer nivel para quienes el cuidado de tu bienestar ser\u00e1 lo primero.<br \/>\n[\/vc_column_text][\/vc_tta_section][vc_tta_section title=\u00bb\u00bfQu\u00e9 es un placebo y qu\u00e9 riesgos puedo correr?\u00bb tab_id=\u00bb1611221217765-444b58f9-69bf\u00bb][vc_column_text]Un placebo se define como un producto que tiene la misma forma y apariencia que el producto en estudio pero sin el ingrediente activo\/sustancia activa.<\/p>\n<p>Durante el estudio, es posible que te administren un placebo, pero al tomarlo no correr\u00e1s ning\u00fan riesgo para tu salud.<br \/>\n[\/vc_column_text][\/vc_tta_section][vc_tta_section title=\u00bb\u00bfC\u00f3mo puedo participar en un estudio cl\u00ednico u observacional?\u00bb tab_id=\u00bb1611221240681-4980073b-b867&#8243;][vc_column_text]\u00a1Participar es sencillo! Si tu perfil coincide con los perfiles descritos en nuestros estudios activos, solo tienes que completar el formulario de registro. Se te proporcionar\u00e1 toda la informaci\u00f3n necesaria para poder proponerte directamente a uno de los centros cl\u00ednicos involucrados en la investigaci\u00f3n, quienes programar\u00e1n una visita de evaluaci\u00f3n contigo. Durante la visita, se te dar\u00e1n todas las explicaciones necesarias para comprender el estudio, evaluando tu inter\u00e9s y disposici\u00f3n para participar.[\/vc_column_text][\/vc_tta_section][\/vc_tta_accordion][\/vc_column][\/vc_row]<\/p>\n","protected":false},"excerpt":{"rendered":"<p>[vc_row][vc_column][vc_tta_accordion active_section=\u00bb1&#8243; css=\u00bb.vc_custom_1611221546253{padding-top: 50px !important;}\u00bb][vc_tta_section title=\u00bb\u00bfQu\u00e9 es un estudio cl\u00ednico?\u00bb tab_id=\u00bb1611221070638-a0a0f489-1271&#8243;][vc_column_text]Un estudio cl\u00ednico es una investigaci\u00f3n cient\u00edfica para demostrar el efecto beneficioso de un f\u00e1rmaco\/dispositivo m\u00e9dico\/alimento sobre su salud. Durante el estudio, se te asignar\u00e1 un producto (producto activo, placebo o control) que deber\u00e1s tomar seg\u00fan las instrucciones de tu m\u00e9dico. Luego, ser\u00e1s seguido por [&hellip;]<\/p>\n","protected":false},"author":1,"featured_media":0,"parent":0,"menu_order":0,"comment_status":"closed","ping_status":"closed","template":"","meta":{"footnotes":""},"_links":{"self":[{"href":"https:\/\/armoniacommunity.com\/es\/wp-json\/wp\/v2\/pages\/2022"}],"collection":[{"href":"https:\/\/armoniacommunity.com\/es\/wp-json\/wp\/v2\/pages"}],"about":[{"href":"https:\/\/armoniacommunity.com\/es\/wp-json\/wp\/v2\/types\/page"}],"author":[{"embeddable":true,"href":"https:\/\/armoniacommunity.com\/es\/wp-json\/wp\/v2\/users\/1"}],"replies":[{"embeddable":true,"href":"https:\/\/armoniacommunity.com\/es\/wp-json\/wp\/v2\/comments?post=2022"}],"version-history":[{"count":2,"href":"https:\/\/armoniacommunity.com\/es\/wp-json\/wp\/v2\/pages\/2022\/revisions"}],"predecessor-version":[{"id":2024,"href":"https:\/\/armoniacommunity.com\/es\/wp-json\/wp\/v2\/pages\/2022\/revisions\/2024"}],"wp:attachment":[{"href":"https:\/\/armoniacommunity.com\/es\/wp-json\/wp\/v2\/media?parent=2022"}],"curies":[{"name":"wp","href":"https:\/\/api.w.org\/{rel}","templated":true}]}}