{"id":2211,"date":"2021-04-22T11:14:17","date_gmt":"2021-04-22T09:14:17","guid":{"rendered":"https:\/\/armoniacommunity.com\/declaracion-de-confidencialidad\/"},"modified":"2024-02-13T14:54:19","modified_gmt":"2024-02-13T13:54:19","slug":"declaracion-de-confidencialidad","status":"publish","type":"page","link":"https:\/\/armoniacommunity.com\/es\/declaracion-de-confidencialidad\/","title":{"rendered":"Declaraci\u00f3n de confidencialidad"},"content":{"rendered":"<p>[vc_row][vc_column][vc_custom_heading text=\u00bbInformaci\u00f3n sobre el formulario de inscripci\u00f3n en Harmony\u00bb use_theme_fonts=\u00bbyes\u00bb el_class=\u00bbviolet uppercase\u00bb][\/vc_column][\/vc_row][vc_row][vc_column][vc_column_text]<!--Gentile interessato, desideriamo informarLa che il \u201c<em>Regolamento Europeo 2016\/679 relativo alla protezione delle persone fisiche con riguardo al Trattamento dei Dati Personali, nonch\u00e9 alla libera circolazione di tali dati<\/em>\u201d (da ora in poi \u201cGDPR\u201d) prevede la tutela delle persone e di altri soggetti rispetto al trattamento dei dati personali. <strong>Evidilya S.R.L.<\/strong>, in qualit\u00e0 di \u201c<strong>Titolare<\/strong>\u201d del trattamento, ai sensi dell\u2019articolo 13 del GDPR, pertanto, Le fornisce le seguenti informazioni:-->[\/vc_column_text][\/vc_column][\/vc_row][vc_row][vc_column][vc_column_text]De conformidad con la Ley Europea de Seguridad de Datos (Art.13, Reglamento Europeo 2016\/679), el Usuario reconoce que EVIDILYA S.R.L. se compromete a tratar los datos personales del Usuario de conformidad con los principios de correcci\u00f3n, licitud y transparencia y la protecci\u00f3n de la confidencialidad. Por lo tanto, se informa al Usuario de que:<\/p>\n<p><strong>A. CATEGOR\u00cdAS DE DATOS:<\/strong> el objeto del tratamiento pueden ser sus datos personales, tales como datos de identificaci\u00f3n, datos personales, datos de contacto y \u00e1reas de inter\u00e9s para usted.<\/p>\n<p><strong>B.<\/strong> RESPONSABLE DEL TRATAMIENTO DE LOS DATOS<strong>:<\/strong> El responsable del tratamiento de los datos es <strong>EVIDILYA S.R.L., Via Brisa,3 &#8211; 20123 Milano (MI), CIF 06957380964<\/strong>, con quien se puede contactar por tel\u00e9fono en el n\u00famero <strong>02.49530065<\/strong> o por correo electr\u00f3nico en la direcci\u00f3n <a href=\"mailto:privacy@evidilya.com\"><br \/>\n  <strong>privacy@evidilya.com<\/strong><br \/>\n<\/a>.<\/p>\n<p><strong>C. FUENTE DE LOS DATOS PERSONALES:<\/strong> Los datos personales que obran en poder del Responsable del Tratamiento se recogen directamente del interesado.<\/p>\n<p><strong>D.<\/strong> FINALIDAD DEL <strong>TRATAMIENTO<\/strong> DE <strong>DATOS Y FUNDAMENTO JUR\u00cdDICO<\/strong>: El responsable del tratamiento trata los datos personales con las siguientes finalidades:<\/p>\n<ol>\n<li>Ejecuci\u00f3n de medidas precontractuales (Art. 6(B) GDPR): proporcionar respuesta a su solicitud de contacto para participar en estudios de investigaci\u00f3n, por parte del Responsable del Tratamiento.<br \/>\nTambi\u00e9n tiene como base jur\u00eddica su consentimiento para los siguientes fines:<\/li>\n<li>Suscripci\u00f3n a la newsletter para el env\u00edo de comunicaciones informativas y comerciales y\/o para actividades de marketing directo, tambi\u00e9n mediante sms u otros instrumentos digitales o para investigaciones relativas a la satisfacci\u00f3n del cliente (encuestas), por parte del Titular del tratamiento, Sprim ITALIA S.r.l. y Proxima Salute S.r.l.<\/li>\n<li>Env\u00edo de comunicaciones comerciales y\/o de marketing, tambi\u00e9n mediante newsletters, SMS, WhatsApp u otras herramientas digitales, de terceros en los siguientes sectores: alimentario, farmac\u00e9utico, m\u00e9dico, educativo, editorial.<\/li>\n<\/ol>\n<p><strong>E. DESTINATARIOS DE LOS DATOS:<\/strong> En la medida en que sea pertinente para las finalidades de tratamiento indicadas, sus datos podr\u00e1n ser comunicados a socios, empresas de consultor\u00eda, empresas privadas, designados como Encargados del Tratamiento por el Responsable del Tratamiento. Sus datos no se difundir\u00e1n en modo alguno.<\/p>\n<p><strong>F. TRANSFERENCIA DE DATOS A TERCEROS PA\u00cdSES:<\/strong> no est\u00e1 previsto transferir sus datos a un tercer pa\u00eds.<\/p>\n<p><strong>G. PLAZO DE CONSERVACI\u00d3N:<\/strong> los datos recogidos se conservar\u00e1n durante un plazo no superior a la consecuci\u00f3n de los fines para los que son tratados (\u00abprincipio de limitaci\u00f3n de conservaci\u00f3n\u00bb, art.5, GDPR) o de acuerdo con los plazos establecidos por la ley. Peri\u00f3dicamente se comprueba la obsolescencia de los datos almacenados en relaci\u00f3n con los fines para los que fueron recogidos.<\/p>\n<p><strong>H. DERECHOS<\/strong> DEL INTERESADO<strong>:<\/strong> El interesado siempre tendr\u00e1 derecho a solicitar al Responsable del Tratamiento el acceso, rectificaci\u00f3n o supresi\u00f3n de sus datos, la limitaci\u00f3n de su tratamiento o la posibilidad de solicitar la portabilidad de los datos, haciendo valer estos y los dem\u00e1s derechos previstos en el GDPR mediante una simple notificaci\u00f3n al Responsable del Tratamiento. El interesado tambi\u00e9n puede presentar una reclamaci\u00f3n ante una autoridad de control<\/p>\n<p><strong>I.<\/strong> FACILITACI\u00d3N <strong>OBLIGATORIA O NO OBLIGATORIA<\/strong> DE DATOS: Le informamos que la facilitaci\u00f3n de datos es obligatoria para responder a sus solicitudes (punto D1); mientras que para las finalidades basadas en el consentimiento de los puntos D2 y D3, la facilitaci\u00f3n de datos es facultativa.<\/p>\n<p><strong>J. M\u00c9TODOS DE TRATAMIENTO DE LOS DATOS:<\/strong> los datos personales que nos facilite ser\u00e1n tratados de conformidad con la legislaci\u00f3n anteriormente mencionada y las obligaciones de confidencialidad que rigen las actividades del Responsable del tratamiento. Los datos se tratar\u00e1n tanto en soporte inform\u00e1tico como en papel, as\u00ed como en cualquier otro soporte adecuado, respetando las medidas de seguridad apropiadas de conformidad con el GDPR.<\/p>\n<p><strong>K. DATOS DE CONTACTO DEL<\/strong> D.P.<strong>O.:<\/strong> el titular ha designado un D.P.O. con el que se puede contactar por correo electr\u00f3nico en la siguiente direcci\u00f3n <strong><br \/>\n  <a href=\"mailto:dpo@evidilya.com\">dpo@evidilya.com<\/a><br \/>\n<\/strong>.<\/p>\n<p><strong>L.<\/strong> PROCESOS AUTOMATIZADOS DE TOMA DE DECISIONES<strong>:<\/strong> no existen procesos automatizados de toma de decisiones.[\/vc_column_text][\/vc_column][\/vc_row]<\/p>\n","protected":false},"excerpt":{"rendered":"<p>[vc_row][vc_column][vc_custom_heading text=\u00bbInformaci\u00f3n sobre el formulario de inscripci\u00f3n en Harmony\u00bb use_theme_fonts=\u00bbyes\u00bb el_class=\u00bbviolet uppercase\u00bb][\/vc_column][\/vc_row][vc_row][vc_column][vc_column_text][\/vc_column_text][\/vc_column][\/vc_row][vc_row][vc_column][vc_column_text]De conformidad con la Ley Europea de Seguridad de Datos (Art.13, Reglamento Europeo 2016\/679), el Usuario reconoce que EVIDILYA S.R.L. se compromete a tratar los datos personales del Usuario de conformidad con los principios de correcci\u00f3n, licitud y transparencia y la protecci\u00f3n de la [&hellip;]<\/p>\n","protected":false},"author":1,"featured_media":0,"parent":0,"menu_order":0,"comment_status":"closed","ping_status":"closed","template":"","meta":{"footnotes":""},"_links":{"self":[{"href":"https:\/\/armoniacommunity.com\/es\/wp-json\/wp\/v2\/pages\/2211"}],"collection":[{"href":"https:\/\/armoniacommunity.com\/es\/wp-json\/wp\/v2\/pages"}],"about":[{"href":"https:\/\/armoniacommunity.com\/es\/wp-json\/wp\/v2\/types\/page"}],"author":[{"embeddable":true,"href":"https:\/\/armoniacommunity.com\/es\/wp-json\/wp\/v2\/users\/1"}],"replies":[{"embeddable":true,"href":"https:\/\/armoniacommunity.com\/es\/wp-json\/wp\/v2\/comments?post=2211"}],"version-history":[{"count":2,"href":"https:\/\/armoniacommunity.com\/es\/wp-json\/wp\/v2\/pages\/2211\/revisions"}],"predecessor-version":[{"id":2213,"href":"https:\/\/armoniacommunity.com\/es\/wp-json\/wp\/v2\/pages\/2211\/revisions\/2213"}],"wp:attachment":[{"href":"https:\/\/armoniacommunity.com\/es\/wp-json\/wp\/v2\/media?parent=2211"}],"curies":[{"name":"wp","href":"https:\/\/api.w.org\/{rel}","templated":true}]}}