{"id":2241,"date":"2021-05-27T14:19:56","date_gmt":"2021-05-27T12:19:56","guid":{"rendered":"https:\/\/armoniacommunity.com\/politica-de-cookies\/"},"modified":"2024-02-13T14:58:15","modified_gmt":"2024-02-13T13:58:15","slug":"politica-de-cookies","status":"publish","type":"page","link":"https:\/\/armoniacommunity.com\/es\/politica-de-cookies\/","title":{"rendered":"Pol\u00edtica de cookies"},"content":{"rendered":"<p>[vc_row el_class=\u00bbinformativa-txt\u00bb][vc_column][vc_empty_space][vc_column_text]<strong>\u00bfQU\u00c9 SON LAS COOKIES?<\/strong>  Las cookies son peque\u00f1os archivos de texto enviados por el sitio al equipo terminal de la persona interesada (normalmente el navegador), donde se almacenan y se transmiten de nuevo al sitio la pr\u00f3xima vez que lo visite el mismo usuario. Una cookie no puede recuperar ning\u00fan otro dato del disco duro del usuario ni transmitir virus inform\u00e1ticos o adquirir direcciones de correo electr\u00f3nico. Cada cookie es \u00fanica para el navegador web del usuario. Algunas de las funciones de las cookies pueden delegarse en otras tecnolog\u00edas. En este documento, el t\u00e9rmino \u00abcookies\u00bb se refiere tanto a las cookies propiamente dichas como a todas las tecnolog\u00edas similares.<br \/>\nLas cookies pueden utilizarse para registrar informaci\u00f3n sobre sus preferencias, como las p\u00e1ginas por las que navega o los archivos que descarga de nuestro sitio web. u otras acciones similares realizadas mientras navega por nuestro sitio.<\/p>\n<p><strong>COOKIES DE PRIMERA O TERCERA PARTE<\/strong> Las cookies pueden ser de primera o tercera parte, entendi\u00e9ndose por \u00abprimera parte\u00bb las cookies desarrolladas por el propio propietario del sitio, y por \u00abtercera parte\u00bb las cookies desarrolladas por terceros distintos del propietario del sitio.<\/p>\n<p><strong>NATURALEZA<\/strong> DE LAS COOKIES En cuanto a la naturaleza de las cookies, existen varios tipos:<br \/>\nLas cookies t\u00e9cnicas son cookies t\u00e9cnicas utilizadas con el \u00fanico fin de \u00abllevar a cabo la transmisi\u00f3n de una comunicaci\u00f3n a trav\u00e9s de una red de comunicaciones electr\u00f3nicas, o en la medida estrictamente necesaria para que el proveedor de un servicio de la sociedad de la informaci\u00f3n expl\u00edcitamente solicitado por la parte contratante o el usuario preste dicho servicio\u00bb (cf. Art. 122, p\u00e1rrafo 1 del C\u00f3digo). No se utilizan para ning\u00fan otro fin y normalmente las instala directamente el propietario u operador del sitio web. Pueden subdividirse en:<\/p>\n<p>&#8211; cookies de navegaci\u00f3n o de sesi\u00f3n, que garantizan la navegaci\u00f3n y el uso normal del sitio web (permitiendo, por ejemplo, realizar una compra o autenticarse para acceder a \u00e1reas restringidas); de hecho, son necesarias para el correcto funcionamiento del sitio;<br \/>\n&#8211; cookies anal\u00edticas, asimiladas a las cookies t\u00e9cnicas cuando son utilizadas directamente por el operador del sitio para recopilar informaci\u00f3n, de forma agregada, sobre el n\u00famero de usuarios y c\u00f3mo visitan el sitio, con el fin de mejorar el rendimiento del mismo;<br \/>\n&#8211; cookies de funcionalidad, que permiten al usuario navegar seg\u00fan una serie de criterios seleccionados (por ejemplo, idioma, productos seleccionados para la compra) con el fin de mejorar el servicio prestado al usuario. No se requiere el consentimiento previo de los usuarios para la instalaci\u00f3n de dichas cookies (m\u00e1s informaci\u00f3n en el apartado Gesti\u00f3n de cookies m\u00e1s adelante).<\/p>\n<p>Cookies de perfilado Las cookies de perfilado se utilizan para vincular acciones espec\u00edficas o patrones de comportamiento recurrentes en el uso de las funcionalidades ofrecidas (patrones) a sujetos concretos identificados o identificables, con el fin de agrupar los diferentes perfiles dentro de clusters homog\u00e9neos de diferente tama\u00f1o, de forma que el titular pueda tambi\u00e9n modular la prestaci\u00f3n del servicio de forma cada vez m\u00e1s personalizada m\u00e1s all\u00e1 de lo estrictamente necesario para la prestaci\u00f3n del servicio, as\u00ed como enviar mensajes publicitarios dirigidos, es decir, en funci\u00f3n de las preferencias manifestadas por el usuario al navegar por la web.<br \/>\nEn el caso de las cookies de terceros, el sitio no tiene control directo sobre las cookies individuales y no puede controlarlas (no puede instalarlas directamente ni eliminarlas). No obstante, puede gestionar estas cookies a trav\u00e9s de la configuraci\u00f3n de su navegador o de los sitios indicados en la secci\u00f3n \u00abAceptar y renunciar a las cookies\u00bb.<br \/>\nPor lo tanto, se invita al Usuario a consultar el sitio del tercero indicado a continuaci\u00f3n.<\/p>\n<p><strong>COOKIES INSTALADAS EN ESTE SITIO<\/strong><br \/>\n<!-- CookiePro Cookies List start --><\/p>\n<div id=\"ot-sdk-cookie-policy\"><\/div>\n<p><!-- CookiePro Cookies List end --><\/p>\n<p>DURACI\u00d3N DE <strong>LAS COOKIES<\/strong> Las cookies tienen una duraci\u00f3n dictada por la fecha de caducidad (o una acci\u00f3n espec\u00edfica como cerrar el navegador) establecida en el momento de su instalaci\u00f3n. Las cookies pueden ser:<\/p>\n<ul>\n<li>cookies temporales o de sesi\u00f3n: se utilizan para almacenar informaci\u00f3n temporal, permiten enlazar con acciones realizadas durante una sesi\u00f3n concreta y se eliminan del ordenador cuando se cierra el navegador;<\/li>\n<li>persistentes (cookies persistentes): se utilizan para almacenar informaci\u00f3n, por ejemplo, el nombre de usuario y la contrase\u00f1a, de modo que el usuario no tenga que volver a introducirlos cada vez que visita un sitio espec\u00edfico. Estas permanecen almacenadas en el ordenador incluso despu\u00e9s de cerrar el navegador.<\/li>\n<\/ul>\n<p>Las cookies de sesi\u00f3n, una vez finalizada la conexi\u00f3n a este sitio web, no se almacenan. Los sistemas inform\u00e1ticos utilizados para este sitio utilizan cookies temporales y permanentes.<\/p>\n<p><strong>ACEPTACI\u00d3N Y RENUNCIA DE COOKIES<\/strong><br \/>\nNo se requiere el consentimiento de los usuarios para la instalaci\u00f3n de cookies t\u00e9cnicas y anal\u00edticas.<br \/>\nEn cambio, las cookies de elaboraci\u00f3n de perfiles u otras herramientas de seguimiento s\u00f3lo podr\u00e1n utilizarse si el usuario ha dado su consentimiento tras ser informado. Este sitio utiliza un banner que permite a quienes lo deseen expresar su consentimiento.<br \/>\nLos usuarios que no lo deseen pueden cerrar el banner seleccionando el bot\u00f3n con una X en la esquina superior derecha del banner, conservando la configuraci\u00f3n por defecto que no permite el uso de cookies u otras herramientas de seguimiento que no sean t\u00e9cnicas.<br \/>\nSi lo desea, tambi\u00e9n puede gestionar las cookies directamente a trav\u00e9s de la configuraci\u00f3n de su navegador. Sin embargo, borrar las cookies de su navegador puede eliminar las preferencias que haya establecido para este sitio, por lo que debe visitar esta p\u00e1gina peri\u00f3dicamente para revisar sus opciones.[\/vc_column_text][\/vc_column][\/vc_row]<\/p>\n","protected":false},"excerpt":{"rendered":"<p>[vc_row el_class=\u00bbinformativa-txt\u00bb][vc_column][vc_empty_space][vc_column_text]\u00bfQU\u00c9 SON LAS COOKIES? Las cookies son peque\u00f1os archivos de texto enviados por el sitio al equipo terminal de la persona interesada (normalmente el navegador), donde se almacenan y se transmiten de nuevo al sitio la pr\u00f3xima vez que lo visite el mismo usuario. Una cookie no puede recuperar ning\u00fan otro dato del disco [&hellip;]<\/p>\n","protected":false},"author":1,"featured_media":0,"parent":0,"menu_order":0,"comment_status":"closed","ping_status":"open","template":"","meta":{"footnotes":""},"_links":{"self":[{"href":"https:\/\/armoniacommunity.com\/es\/wp-json\/wp\/v2\/pages\/2241"}],"collection":[{"href":"https:\/\/armoniacommunity.com\/es\/wp-json\/wp\/v2\/pages"}],"about":[{"href":"https:\/\/armoniacommunity.com\/es\/wp-json\/wp\/v2\/types\/page"}],"author":[{"embeddable":true,"href":"https:\/\/armoniacommunity.com\/es\/wp-json\/wp\/v2\/users\/1"}],"replies":[{"embeddable":true,"href":"https:\/\/armoniacommunity.com\/es\/wp-json\/wp\/v2\/comments?post=2241"}],"version-history":[{"count":2,"href":"https:\/\/armoniacommunity.com\/es\/wp-json\/wp\/v2\/pages\/2241\/revisions"}],"predecessor-version":[{"id":2243,"href":"https:\/\/armoniacommunity.com\/es\/wp-json\/wp\/v2\/pages\/2241\/revisions\/2243"}],"wp:attachment":[{"href":"https:\/\/armoniacommunity.com\/es\/wp-json\/wp\/v2\/media?parent=2241"}],"curies":[{"name":"wp","href":"https:\/\/api.w.org\/{rel}","templated":true}]}}