{"id":2428,"date":"2026-04-21T09:35:29","date_gmt":"2026-04-21T07:35:29","guid":{"rendered":"https:\/\/armoniacommunity.com\/quien-somos\/"},"modified":"2026-04-21T19:12:02","modified_gmt":"2026-04-21T17:12:02","slug":"quien-somos","status":"publish","type":"page","link":"https:\/\/armoniacommunity.com\/es\/quien-somos\/","title":{"rendered":"QUI\u00c9N SOMOS"},"content":{"rendered":"<p>[vc_row][vc_column][vc_custom_heading text=\u00bbEvidilya: Investigaci\u00f3n, Innovaci\u00f3n y Personas en el centro\u00bb font_container=\u00bbtag:h3|text_align:center\u00bb use_theme_fonts=\u00bbyes\u00bb el_class=\u00bbviolet uppercase\u00bb][vc_empty_space height=\u00bb20px\u00bb][vc_column_text]Evidilya es una organizaci\u00f3n de investigaci\u00f3n por contrato especializada en el dise\u00f1o y gesti\u00f3n de ensayos cl\u00ednicos y observacionales, con un enfoque que integra la experiencia cient\u00edfica, la tecnolog\u00eda digital y la atenci\u00f3n a la experiencia de las personas implicadas en la investigaci\u00f3n.<\/p>\n<p>La empresa apoya a patrocinadores, centros cl\u00ednicos e instituciones sanitarias en el desarrollo de evidencia cient\u00edfica, coordinando estudios tradicionales, virtuales e h\u00edbridos, y facilitando la recopilaci\u00f3n de datos y la colaboraci\u00f3n entre todos los actores investigadores.<\/p>\n<p>Observar las necesidades de las personas y comprender el contexto sanitario en el que viven es una parte central del m\u00e9todo Evidilya: este enfoque permite dise\u00f1ar estudios y servicios capaces de mejorar la calidad de la informaci\u00f3n recogida y contribuir al desarrollo de soluciones sanitarias cada vez m\u00e1s eficaces.[\/vc_column_text][vc_empty_space height=\u00bb20px\u00bb][vc_separator][\/vc_column][\/vc_row][vc_section][vc_row][vc_column][vc_custom_heading text=\u00bbContactos\u00bb font_container=\u00bbtag:h6|text_align:left\u00bb use_theme_fonts=\u00bbyes\u00bb el_class=\u00bbviolet uppercase\u00bb][vc_column_text]<\/p>\n<div class=\"vc_custom_heading_wrap \">\n<div class=\"heading-text el-text\">\n<p><strong>Sitio web<\/strong>: <a href=\"https:\/\/www.evidilya.com\/\">https:\/\/www.evidilya.com\/<\/a><br \/>\n <strong>Tel\u00e9fono<\/strong>: <a href=\"tel:+390249530065\">+39 02 49530065<\/a><br \/>\n<strong>Correo electr\u00f3nico<\/strong>: <a href=\"mailto:contact@evidilya.com\">contact@evidilya.com<\/a><\/p>\n<\/div>\n<\/div>\n<div class=\"icon-box icon-box-right\">\n<div class=\"icon-box-icon fa-container\"><\/div>\n<\/div>\n<p>[\/vc_column_text][vc_icon type=\u00bbtypicons\u00bb icon_typicons=\u00bbtypcn typcn-social-linkedin\u00bb color=\u00bbwhite\u00bb background_style=\u00bbrounded-less\u00bb background_color=\u00bbblue\u00bb size=\u00bbsm\u00bb link=\u00bburl:https%3A%2F%2Fwww.linkedin.com%2Fcompany%2Fevidilya%2F|target:%20_blank|\u00bb][\/vc_column][\/vc_row][\/vc_section]<\/p>\n","protected":false},"excerpt":{"rendered":"<p>[vc_row][vc_column][vc_custom_heading text=\u00bbEvidilya: Investigaci\u00f3n, Innovaci\u00f3n y Personas en el centro\u00bb font_container=\u00bbtag:h3|text_align:center\u00bb use_theme_fonts=\u00bbyes\u00bb el_class=\u00bbviolet uppercase\u00bb][vc_empty_space height=\u00bb20px\u00bb][vc_column_text]Evidilya es una organizaci\u00f3n de investigaci\u00f3n por contrato especializada en el dise\u00f1o y gesti\u00f3n de ensayos cl\u00ednicos y observacionales, con un enfoque que integra la experiencia cient\u00edfica, la tecnolog\u00eda digital y la atenci\u00f3n a la experiencia de las personas implicadas en la [&hellip;]<\/p>\n","protected":false},"author":2,"featured_media":0,"parent":0,"menu_order":0,"comment_status":"closed","ping_status":"closed","template":"","meta":{"footnotes":""},"_links":{"self":[{"href":"https:\/\/armoniacommunity.com\/es\/wp-json\/wp\/v2\/pages\/2428"}],"collection":[{"href":"https:\/\/armoniacommunity.com\/es\/wp-json\/wp\/v2\/pages"}],"about":[{"href":"https:\/\/armoniacommunity.com\/es\/wp-json\/wp\/v2\/types\/page"}],"author":[{"embeddable":true,"href":"https:\/\/armoniacommunity.com\/es\/wp-json\/wp\/v2\/users\/2"}],"replies":[{"embeddable":true,"href":"https:\/\/armoniacommunity.com\/es\/wp-json\/wp\/v2\/comments?post=2428"}],"version-history":[{"count":2,"href":"https:\/\/armoniacommunity.com\/es\/wp-json\/wp\/v2\/pages\/2428\/revisions"}],"predecessor-version":[{"id":2430,"href":"https:\/\/armoniacommunity.com\/es\/wp-json\/wp\/v2\/pages\/2428\/revisions\/2430"}],"wp:attachment":[{"href":"https:\/\/armoniacommunity.com\/es\/wp-json\/wp\/v2\/media?parent=2428"}],"curies":[{"name":"wp","href":"https:\/\/api.w.org\/{rel}","templated":true}]}}