{"id":2174,"date":"2021-01-21T10:21:07","date_gmt":"2021-01-21T09:21:07","guid":{"rendered":"https:\/\/armoniacommunity.com\/faq\/"},"modified":"2024-02-13T14:49:14","modified_gmt":"2024-02-13T13:49:14","slug":"faq","status":"publish","type":"page","link":"https:\/\/armoniacommunity.com\/fr\/faq\/","title":{"rendered":"FAQ"},"content":{"rendered":"<p>[vc_row][vc_column][vc_tta_accordion active_section=\u00a0\u00bb1&Prime; css=\u00a0\u00bb.vc_custom_1611221546253{padding-top: 50px !important;}\u00a0\u00bb][vc_tta_section title=\u00a0\u00bbQu&apos;est-ce qu&apos;une pratique clinique ?\u00a0\u00bb tab_id=\u00a0\u00bb1611221070638-a0a0f489-1271&Prime;][vc_column_text]Une \u00e9tude clinique est une investigation scientifique visant \u00e0 d\u00e9montrer l&rsquo;effet b\u00e9n\u00e9fique d&rsquo;un m\u00e9dicament, d&rsquo;un dispositif m\u00e9dical ou d&rsquo;un aliment sur votre sant\u00e9. Au cours de l&rsquo;\u00e9tude, un produit (produit actif ou placebo ou contr\u00f4le) vous sera attribu\u00e9 et vous devrez le prendre selon les instructions du m\u00e9decin. Vous serez ensuite suivi par des professionnels de la sant\u00e9 et serez constamment surveill\u00e9 par des analyses instrumentales et m\u00e9dicales. On vous demandera souvent de coop\u00e9rer en remplissant des questionnaires ou un journal quotidien.<\/p>\n<p>L&rsquo;\u00e9tude clinique \u00e0 laquelle vous participez sera toujours autoris\u00e9e par les autorit\u00e9s r\u00e9glementaires et \u00e9thiques, dans le respect de votre s\u00e9curit\u00e9.[\/vc_column_text][\/vc_tta_section][vc_tta_section title=\u00a0\u00bbQu&apos;est-ce qu&apos;une \u00e9tude par observation ?\u00a0\u00bb tab_id=\u00a0\u00bb1611221070646-d24bd4bb-ffc8&Prime;][vc_column_text]Contrairement \u00e0 une \u00e9tude clinique, dans l&rsquo;\u00e9tude d&rsquo;observation vous serez suivi par rapport \u00e0 une th\u00e9rapie ou un traitement que vous prenez d\u00e9j\u00e0 selon la prescription\/recommandation de votre m\u00e9decin.<br \/>\nL&rsquo;\u00e9tude observationnelle est toujours autoris\u00e9e par les autorit\u00e9s r\u00e9glementaires et \u00e9thiques.<br \/>\n[\/vc_column_text][\/vc_tta_section][vc_tta_section title=\u00a0\u00bbQuels types d&apos;essais cliniques sont actuellement en cours et quels en sont les avantages ?\u00a0\u00bb tab_id=\u00a0\u00bb1611221197067-19ec93e6-6280&Prime;][vc_column_text]Les \u00e9tudes cliniques en cours sont inh\u00e9rentes \u00e0 diff\u00e9rents domaines de la sant\u00e9 et testent des produits tels que les compl\u00e9ments alimentaires, les aliments destin\u00e9s \u00e0 des fins m\u00e9dicales sp\u00e9ciales et les produits naturels qui agissent pour am\u00e9liorer votre bien-\u00eatre, augmenter votre qualit\u00e9 de vie et contribuer \u00e0 la pr\u00e9vention primaire, en r\u00e9duisant le risque de d\u00e9velopper des maladies.<\/p>\n<p>En plus de contribuer \u00e0 la recherche, vous serez pris en charge par des m\u00e9decins et des sp\u00e9cialistes de haut niveau pour qui le souci de votre bien-\u00eatre passe avant tout.<br \/>\n[\/vc_column_text][\/vc_tta_section][vc_tta_section title=\u00a0\u00bbQu&apos;est-ce qu&apos;un placebo et quels sont les risques encourus ?\u00a0\u00bb tab_id=\u00a0\u00bb1611221217765-444b58f9-69bf\u00a0\u00bb][vc_column_text]Un placebo est d\u00e9fini comme un produit dont la forme et l&rsquo;apparence sont identiques \u00e0 celles du produit \u00e0 l&rsquo;\u00e9tude, mais sans la substance active\/le principe actif.<\/p>\n<p>Au cours de l&rsquo;\u00e9tude, il se peut que l&rsquo;on vous donne un placebo, dont l&rsquo;ingestion ne pr\u00e9sente en aucun cas un risque pour votre sant\u00e9.<br \/>\n[\/vc_column_text][\/vc_tta_section][vc_tta_section title=\u00a0\u00bbComment puis-je participer \u00e0 une \u00e9tude clinique ou observationnelle ?\u00a0\u00bb tab_id=\u00a0\u00bb1611221240681-4980073b-b867&Prime;][vc_column_text]La participation est facile ! Si votre profil correspond aux esquisses d\u00e9crites dans nos \u00e9tudes actives, il vous suffit de remplir le formulaire d&rsquo;inscription. Vous recevrez toutes les informations n\u00e9cessaires pour vous proposer directement \u00e0 l&rsquo;un des centres cliniques impliqu\u00e9s dans la recherche, qui programmera avec vous une visite de d\u00e9pistage. Au cours de la visite, vous recevrez toutes les explications n\u00e9cessaires pour comprendre l&rsquo;\u00e9tude, et votre int\u00e9r\u00eat et votre volont\u00e9 de participer seront \u00e9valu\u00e9s.[\/vc_column_text][\/vc_tta_section][\/vc_tta_accordion][\/vc_column][\/vc_row]<\/p>\n","protected":false},"excerpt":{"rendered":"<p>[vc_row][vc_column][vc_tta_accordion active_section=\u00a0\u00bb1&Prime; css=\u00a0\u00bb.vc_custom_1611221546253{padding-top: 50px !important;}\u00a0\u00bb][vc_tta_section title=\u00a0\u00bbQu&apos;est-ce qu&apos;une pratique clinique ?\u00a0\u00bb tab_id=\u00a0\u00bb1611221070638-a0a0f489-1271&Prime;][vc_column_text]Une \u00e9tude clinique est une investigation scientifique visant \u00e0 d\u00e9montrer l&rsquo;effet b\u00e9n\u00e9fique d&rsquo;un m\u00e9dicament, d&rsquo;un dispositif m\u00e9dical ou d&rsquo;un aliment sur votre sant\u00e9. Au cours de l&rsquo;\u00e9tude, un produit (produit actif ou placebo ou contr\u00f4le) vous sera attribu\u00e9 et vous devrez le prendre selon les [&hellip;]<\/p>\n","protected":false},"author":1,"featured_media":0,"parent":0,"menu_order":0,"comment_status":"closed","ping_status":"closed","template":"","meta":{"footnotes":""},"_links":{"self":[{"href":"https:\/\/armoniacommunity.com\/fr\/wp-json\/wp\/v2\/pages\/2174"}],"collection":[{"href":"https:\/\/armoniacommunity.com\/fr\/wp-json\/wp\/v2\/pages"}],"about":[{"href":"https:\/\/armoniacommunity.com\/fr\/wp-json\/wp\/v2\/types\/page"}],"author":[{"embeddable":true,"href":"https:\/\/armoniacommunity.com\/fr\/wp-json\/wp\/v2\/users\/1"}],"replies":[{"embeddable":true,"href":"https:\/\/armoniacommunity.com\/fr\/wp-json\/wp\/v2\/comments?post=2174"}],"version-history":[{"count":2,"href":"https:\/\/armoniacommunity.com\/fr\/wp-json\/wp\/v2\/pages\/2174\/revisions"}],"predecessor-version":[{"id":2176,"href":"https:\/\/armoniacommunity.com\/fr\/wp-json\/wp\/v2\/pages\/2174\/revisions\/2176"}],"wp:attachment":[{"href":"https:\/\/armoniacommunity.com\/fr\/wp-json\/wp\/v2\/media?parent=2174"}],"curies":[{"name":"wp","href":"https:\/\/api.w.org\/{rel}","templated":true}]}}