{"id":2235,"date":"2021-05-27T14:19:56","date_gmt":"2021-05-27T12:19:56","guid":{"rendered":"https:\/\/armoniacommunity.com\/politique-en-matiere-de-cookies\/"},"modified":"2024-02-13T14:57:22","modified_gmt":"2024-02-13T13:57:22","slug":"politique-en-matiere-de-cookies","status":"publish","type":"page","link":"https:\/\/armoniacommunity.com\/fr\/politique-en-matiere-de-cookies\/","title":{"rendered":"Politique en mati\u00e8re de cookies"},"content":{"rendered":"<p>[vc_row el_class=\u00a0\u00bbinformativa-txt\u00a0\u00bb][vc_column][vc_empty_space][vc_column_text]<strong>QU&rsquo;EST-CE QU&rsquo;UN BISCUIT ?<\/strong>  Les cookies sont de petits fichiers texte envoy\u00e9s par le site \u00e0 l&rsquo;\u00e9quipement terminal de la personne concern\u00e9e (g\u00e9n\u00e9ralement le navigateur), o\u00f9 ils sont stock\u00e9s puis retransmis au site lors de la prochaine visite du m\u00eame utilisateur. Un cookie ne peut pas extraire d&rsquo;autres donn\u00e9es du disque dur de l&rsquo;utilisateur, transmettre des virus informatiques ou acqu\u00e9rir des adresses \u00e9lectroniques. Chaque cookie est propre au navigateur web de l&rsquo;utilisateur. Certaines fonctions des cookies peuvent \u00eatre d\u00e9l\u00e9gu\u00e9es \u00e0 d&rsquo;autres technologies. Dans le pr\u00e9sent document, le terme \u00ab\u00a0cookies\u00a0\u00bb d\u00e9signe \u00e0 la fois les cookies proprement dits et toutes les technologies similaires.<br \/>\nLes cookies peuvent \u00eatre utilis\u00e9s pour enregistrer des informations sur vos pr\u00e9f\u00e9rences, telles que les pages que vous parcourez ou les fichiers que vous t\u00e9l\u00e9chargez \u00e0 partir de notre site web. ou d&rsquo;autres actions similaires effectu\u00e9es lors de la navigation sur notre site.<\/p>\n<p>Les cookies peuvent \u00eatre de <strong>premi\u00e8re<\/strong> ou de tierce partie, o\u00f9 \u00ab\u00a0premi\u00e8re partie\u00a0\u00bb signifie les cookies d\u00e9velopp\u00e9s par le propri\u00e9taire du site lui-m\u00eame, et \u00ab\u00a0tierce partie\u00a0\u00bb signifie les cookies d\u00e9velopp\u00e9s par des tiers autres que le propri\u00e9taire du site.<\/p>\n<p><strong>NATURE DES<\/strong> COOKIES En ce qui concerne la nature des cookies, il en existe plusieurs types :<br \/>\nLes cookies techniques sont des cookies techniques utilis\u00e9s dans le seul but de \u00ab\u00a0r\u00e9aliser la transmission d&rsquo;une communication sur un r\u00e9seau de communications \u00e9lectroniques, ou dans la mesure strictement n\u00e9cessaire au prestataire d&rsquo;un service de la soci\u00e9t\u00e9 de l&rsquo;information auquel le cocontractant ou l&rsquo;utilisateur a explicitement demand\u00e9 de fournir ce service\u00a0\u00bb (cf. article 122, paragraphe 1, du code). Ils ne sont pas utilis\u00e9s \u00e0 d&rsquo;autres fins et sont normalement install\u00e9s directement par le propri\u00e9taire ou l&rsquo;op\u00e9rateur du site web. Ils peuvent \u00eatre subdivis\u00e9s en<\/p>\n<p>&#8211; les cookies de navigation ou de session, qui assurent une navigation et une utilisation normales du site (permettant, par exemple, d&rsquo;effectuer un achat ou de s&rsquo;authentifier pour acc\u00e9der \u00e0 des zones restreintes) ; ils sont en effet n\u00e9cessaires au bon fonctionnement du site ;<br \/>\n&#8211; les cookies analytiques, assimil\u00e9s aux cookies techniques lorsqu&rsquo;ils sont utilis\u00e9s directement par l&rsquo;op\u00e9rateur du site pour collecter des informations, sous forme agr\u00e9g\u00e9e, sur le nombre d&rsquo;utilisateurs et la fa\u00e7on dont ils visitent le site, afin d&rsquo;am\u00e9liorer les performances du site ;<br \/>\n&#8211; les cookies de fonctionnalit\u00e9, qui permettent \u00e0 l&rsquo;utilisateur de naviguer en fonction d&rsquo;un ensemble de crit\u00e8res s\u00e9lectionn\u00e9s (par exemple, la langue, les produits s\u00e9lectionn\u00e9s pour l&rsquo;achat) afin d&rsquo;am\u00e9liorer le service rendu \u00e0 l&rsquo;utilisateur. Le consentement pr\u00e9alable des utilisateurs n&rsquo;est pas requis pour l&rsquo;installation de ces cookies (pour plus d&rsquo;informations, voir la section Gestion des cookies ci-dessous).<\/p>\n<p>Cookies de profilage Les cookies de profilage sont utilis\u00e9s pour relier des actions sp\u00e9cifiques ou des mod\u00e8les de comportement r\u00e9currents dans l&rsquo;utilisation des fonctionnalit\u00e9s offertes (mod\u00e8les) \u00e0 des sujets sp\u00e9cifiques identifi\u00e9s ou identifiables, afin de regrouper les diff\u00e9rents profils au sein de clusters homog\u00e8nes de diff\u00e9rentes tailles, de sorte que le propri\u00e9taire puisse \u00e9galement moduler la fourniture du service de mani\u00e8re de plus en plus personnalis\u00e9e au-del\u00e0 de ce qui est strictement n\u00e9cessaire pour fournir le service, ainsi que d&rsquo;envoyer des messages publicitaires cibl\u00e9s, c&rsquo;est-\u00e0-dire en fonction des pr\u00e9f\u00e9rences exprim\u00e9es par l&rsquo;utilisateur lorsqu&rsquo;il navigue sur le web.<br \/>\nDans le cas des cookies de tiers, le site n&rsquo;a pas de contr\u00f4le direct sur les cookies individuels et ne peut pas les contr\u00f4ler (il ne peut ni les installer directement ni les supprimer). Vous pouvez toutefois g\u00e9rer ces cookies par le biais des param\u00e8tres de votre navigateur ou des sites indiqu\u00e9s dans la section \u00ab\u00a0Accepter et renoncer aux cookies\u00a0\u00bb.<br \/>\nL&rsquo;utilisateur est donc invit\u00e9 \u00e0 consulter le site du tiers indiqu\u00e9 ci-dessous.<\/p>\n<p><strong>LES COOKIES INSTALL\u00c9S SUR CE SITE<\/strong><br \/>\n<!-- CookiePro Cookies List start --><\/p>\n<div id=\"ot-sdk-cookie-policy\"><\/div>\n<p><!-- CookiePro Cookies List end --><\/p>\n<p>DUR\u00c9E DES <strong>COOKIES<\/strong> Les cookies ont une dur\u00e9e de vie d\u00e9termin\u00e9e par la date d&rsquo;expiration (ou une action sp\u00e9cifique telle que la fermeture du navigateur) fix\u00e9e au moment de l&rsquo;installation. Les cookies peuvent \u00eatre :<\/p>\n<ul>\n<li>les cookies temporaires ou de session : ils sont utilis\u00e9s pour stocker des informations temporaires, permettent d&rsquo;\u00e9tablir des liens avec des actions effectu\u00e9es au cours d&rsquo;une session sp\u00e9cifique et sont supprim\u00e9s de l&rsquo;ordinateur lorsque le navigateur est ferm\u00e9 ;<\/li>\n<li>les cookies persistants : ils sont utilis\u00e9s pour stocker des informations, par exemple le nom de connexion et le mot de passe, de sorte que l&rsquo;utilisateur ne doive pas les saisir \u00e0 nouveau chaque fois qu&rsquo;il visite un site sp\u00e9cifique. Ils restent stock\u00e9s sur l&rsquo;ordinateur m\u00eame apr\u00e8s la fermeture du navigateur.<\/li>\n<\/ul>\n<p>Les cookies de session ne sont pas conserv\u00e9s une fois que la connexion \u00e0 ce site web est termin\u00e9e. Les syst\u00e8mes informatiques utilis\u00e9s pour ce site utilisent des cookies temporaires et permanents.<\/p>\n<p><strong>ACCEPTATION ET RENONCIATION AUX COOKIES<\/strong><br \/>\nLe consentement des utilisateurs n&rsquo;est pas requis pour l&rsquo;installation de cookies techniques et analytiques.<br \/>\nEn revanche, les cookies de profilage ou autres outils de tra\u00e7age ne peuvent \u00eatre utilis\u00e9s que si l&rsquo;utilisateur a donn\u00e9 son consentement apr\u00e8s en avoir \u00e9t\u00e9 inform\u00e9. Ce site utilise une banni\u00e8re qui permet \u00e0 ceux qui le souhaitent d&rsquo;exprimer leur consentement.<br \/>\nLes utilisateurs qui ne le souhaitent pas peuvent fermer la banni\u00e8re en s\u00e9lectionnant le bouton avec un X dans le coin sup\u00e9rieur droit de la banni\u00e8re, tout en conservant les param\u00e8tres par d\u00e9faut qui n&rsquo;autorisent pas l&rsquo;utilisation de cookies ou d&rsquo;autres outils de suivi autres que techniques.<br \/>\nSi vous le souhaitez, vous pouvez \u00e9galement g\u00e9rer les cookies directement via les param\u00e8tres de votre navigateur. Toutefois, si vous supprimez les cookies de votre navigateur, les pr\u00e9f\u00e9rences que vous avez d\u00e9finies pour ce site risquent d&rsquo;\u00eatre supprim\u00e9es. Il est donc conseill\u00e9 de consulter r\u00e9guli\u00e8rement cette page pour revoir vos choix.[\/vc_column_text][\/vc_column][\/vc_row]<\/p>\n","protected":false},"excerpt":{"rendered":"<p>[vc_row el_class=\u00a0\u00bbinformativa-txt\u00a0\u00bb][vc_column][vc_empty_space][vc_column_text]QU&rsquo;EST-CE QU&rsquo;UN BISCUIT ? Les cookies sont de petits fichiers texte envoy\u00e9s par le site \u00e0 l&rsquo;\u00e9quipement terminal de la personne concern\u00e9e (g\u00e9n\u00e9ralement le navigateur), o\u00f9 ils sont stock\u00e9s puis retransmis au site lors de la prochaine visite du m\u00eame utilisateur. Un cookie ne peut pas extraire d&rsquo;autres donn\u00e9es du disque dur de l&rsquo;utilisateur, [&hellip;]<\/p>\n","protected":false},"author":1,"featured_media":0,"parent":0,"menu_order":0,"comment_status":"closed","ping_status":"open","template":"","meta":{"footnotes":""},"_links":{"self":[{"href":"https:\/\/armoniacommunity.com\/fr\/wp-json\/wp\/v2\/pages\/2235"}],"collection":[{"href":"https:\/\/armoniacommunity.com\/fr\/wp-json\/wp\/v2\/pages"}],"about":[{"href":"https:\/\/armoniacommunity.com\/fr\/wp-json\/wp\/v2\/types\/page"}],"author":[{"embeddable":true,"href":"https:\/\/armoniacommunity.com\/fr\/wp-json\/wp\/v2\/users\/1"}],"replies":[{"embeddable":true,"href":"https:\/\/armoniacommunity.com\/fr\/wp-json\/wp\/v2\/comments?post=2235"}],"version-history":[{"count":2,"href":"https:\/\/armoniacommunity.com\/fr\/wp-json\/wp\/v2\/pages\/2235\/revisions"}],"predecessor-version":[{"id":2237,"href":"https:\/\/armoniacommunity.com\/fr\/wp-json\/wp\/v2\/pages\/2235\/revisions\/2237"}],"wp:attachment":[{"href":"https:\/\/armoniacommunity.com\/fr\/wp-json\/wp\/v2\/media?parent=2235"}],"curies":[{"name":"wp","href":"https:\/\/api.w.org\/{rel}","templated":true}]}}