{"id":2419,"date":"2026-04-21T09:35:29","date_gmt":"2026-04-21T07:35:29","guid":{"rendered":"https:\/\/armoniacommunity.com\/qui-nous-sommes\/"},"modified":"2026-04-21T19:11:26","modified_gmt":"2026-04-21T17:11:26","slug":"qui-nous-sommes","status":"publish","type":"page","link":"https:\/\/armoniacommunity.com\/fr\/qui-nous-sommes\/","title":{"rendered":"QUI NOUS SOMMES"},"content":{"rendered":"<p>[vc_row][vc_column][vc_custom_heading text=\u00a0\u00bbEvidilya : Recherche, innovation et personnes au centre\u00a0\u00bb font_container=\u00a0\u00bbtag:h3|text_align:center\u00a0\u00bb use_theme_fonts=\u00a0\u00bbyes\u00a0\u00bb el_class=\u00a0\u00bbviolet uppercase\u00a0\u00bb][vc_empty_space height=\u00a0\u00bb20px\u00a0\u00bb][vc_column_text]Evidilya est une organisation de recherche sous contrat sp\u00e9cialis\u00e9e dans la conception et la gestion d\u2019essais cliniques et d\u2019observation, avec une approche qui int\u00e8gre expertise scientifique, technologie num\u00e9rique et attention port\u00e9e \u00e0 l\u2019exp\u00e9rience des personnes impliqu\u00e9es dans la recherche.<\/p>\n<p>L\u2019entreprise soutient les sponsors, les centres cliniques et les \u00e9tablissements de sant\u00e9 dans le d\u00e9veloppement des preuves scientifiques, la coordination des \u00e9tudes traditionnelles, virtuelles et hybrides, et la facilitation de la collecte de donn\u00e9es et de la collaboration entre tous les acteurs de la recherche.<\/p>\n<p>Observer les besoins des personnes et comprendre le contexte de sant\u00e9 dans lequel elles vivent constituent une partie centrale de la m\u00e9thode Evidilya : cette approche permet de concevoir des \u00e9tudes et des services capables d\u2019am\u00e9liorer la qualit\u00e9 des informations collect\u00e9es et de contribuer au d\u00e9veloppement de solutions de sant\u00e9 de plus en plus efficaces.[\/vc_column_text][vc_empty_space height=\u00a0\u00bb20px\u00a0\u00bb][vc_separator][\/vc_column][\/vc_row][vc_section][vc_row][vc_column][vc_custom_heading text=\u00a0\u00bbContacts\u00a0\u00bb font_container=\u00a0\u00bbtag:h6|text_align:left\u00a0\u00bb use_theme_fonts=\u00a0\u00bbyes\u00a0\u00bb el_class=\u00a0\u00bbviolet uppercase\u00a0\u00bb][vc_column_text]<\/p>\n<div class=\"vc_custom_heading_wrap \">\n<div class=\"heading-text el-text\">\n<p><strong>Site web<\/strong> : <a href=\"https:\/\/www.evidilya.com\/\">https:\/\/www.evidilya.com\/<\/a><br \/>\n <strong>T\u00e9l\u00e9phone<\/strong> : <a href=\"tel:+390249530065\">+39 02 49530065<\/a><br \/>\n<strong>E-mail<\/strong> : <a href=\"mailto:contact@evidilya.com\">contact@evidilya.com<\/a><\/p>\n<\/div>\n<\/div>\n<div class=\"icon-box icon-box-right\">\n<div class=\"icon-box-icon fa-container\"><\/div>\n<\/div>\n<p>[\/vc_column_text][vc_icon type=\u00a0\u00bbtypicons\u00a0\u00bb icon_typicons=\u00a0\u00bbtypcn typcn-social-linkedin\u00a0\u00bb color=\u00a0\u00bbwhite\u00a0\u00bb background_style=\u00a0\u00bbrounded-less\u00a0\u00bb background_color=\u00a0\u00bbblue\u00a0\u00bb size=\u00a0\u00bbsm\u00a0\u00bb link=\u00a0\u00bburl:https%3A%2F%2Fwww.linkedin.com%2Fcompany%2Fevidilya%2F|target:%20_blank|\u00a0\u00bb][\/vc_column][\/vc_row][\/vc_section]<\/p>\n","protected":false},"excerpt":{"rendered":"<p>[vc_row][vc_column][vc_custom_heading text=\u00a0\u00bbEvidilya : Recherche, innovation et personnes au centre\u00a0\u00bb font_container=\u00a0\u00bbtag:h3|text_align:center\u00a0\u00bb use_theme_fonts=\u00a0\u00bbyes\u00a0\u00bb el_class=\u00a0\u00bbviolet uppercase\u00a0\u00bb][vc_empty_space height=\u00a0\u00bb20px\u00a0\u00bb][vc_column_text]Evidilya est une organisation de recherche sous contrat sp\u00e9cialis\u00e9e dans la conception et la gestion d\u2019essais cliniques et d\u2019observation, avec une approche qui int\u00e8gre expertise scientifique, technologie num\u00e9rique et attention port\u00e9e \u00e0 l\u2019exp\u00e9rience des personnes impliqu\u00e9es dans la recherche. L\u2019entreprise soutient les [&hellip;]<\/p>\n","protected":false},"author":2,"featured_media":0,"parent":0,"menu_order":0,"comment_status":"closed","ping_status":"closed","template":"","meta":{"footnotes":""},"_links":{"self":[{"href":"https:\/\/armoniacommunity.com\/fr\/wp-json\/wp\/v2\/pages\/2419"}],"collection":[{"href":"https:\/\/armoniacommunity.com\/fr\/wp-json\/wp\/v2\/pages"}],"about":[{"href":"https:\/\/armoniacommunity.com\/fr\/wp-json\/wp\/v2\/types\/page"}],"author":[{"embeddable":true,"href":"https:\/\/armoniacommunity.com\/fr\/wp-json\/wp\/v2\/users\/2"}],"replies":[{"embeddable":true,"href":"https:\/\/armoniacommunity.com\/fr\/wp-json\/wp\/v2\/comments?post=2419"}],"version-history":[{"count":2,"href":"https:\/\/armoniacommunity.com\/fr\/wp-json\/wp\/v2\/pages\/2419\/revisions"}],"predecessor-version":[{"id":2421,"href":"https:\/\/armoniacommunity.com\/fr\/wp-json\/wp\/v2\/pages\/2419\/revisions\/2421"}],"wp:attachment":[{"href":"https:\/\/armoniacommunity.com\/fr\/wp-json\/wp\/v2\/media?parent=2419"}],"curies":[{"name":"wp","href":"https:\/\/api.w.org\/{rel}","templated":true}]}}